{"id":186,"date":"2022-04-20T10:22:10","date_gmt":"2022-04-20T08:22:10","guid":{"rendered":"https:\/\/tipunch.net\/blog\/?page_id=186"},"modified":"2025-11-28T00:30:24","modified_gmt":"2025-11-27T23:30:24","slug":"a-propos","status":"publish","type":"page","link":"https:\/\/tipunch.net\/blog\/a-propos\/","title":{"rendered":"A propos"},"content":{"rendered":"\n<p>Motard depuis 30 ans, j\u2019ai accumul\u00e9 les kilom\u00e8tres sur route dans le Sud-Ouest et au-del\u00e0. De la vir\u00e9e dynamique \u00e0 la balade bucolique j\u2019ai test\u00e9 \u00e0 peu pr\u00e8s tous les modes de roulage.<\/p>\n\n\n\n<p>A c\u00f4t\u00e9 de cela, j\u2019ai eu aussi un fourgon 4&#215;4 que j\u2019avais am\u00e9nag\u00e9 avec lequel je partais les weekends, les vacances, en privil\u00e9giant les bivouacs dans les coins tranquilles, hors du bitume.<\/p>\n\n\n\n<p>Il y a eu m\u00eame une p\u00e9riode o\u00f9 je combinais moto et fourgon : je chargeais la moto dans le fourgon, partais m\u2019installer dans un camping et au jour le jour, selon la m\u00e9t\u00e9o, je faisais des balades en moto ou en fourgon.<\/p>\n\n\n\n<p>Aujourd\u2019hui, je n\u2019ai plus de fourgon, il y a moins de libert\u00e9 sur bitume. Mais toujours autant envie d\u2019\u00e9vasion.<\/p>\n\n\n\n<p>Pour continuer \u00e0 concilier r\u00eaves et moyens, j\u2019ai d\u00e9cid\u00e9 de faire en moto ce que je faisais avec le fourgon : continuer \u00e0 rouler quand le goudron s\u2019arr\u00eate et m\u2019arr\u00eater dormir l\u00e0-bas, au bout du chemin.<\/p>\n\n\n\n<p>Ce blog est l\u00e0 pour recueillir quelques r\u00e9cits de balades, des humeurs et autres pens\u00e9es\u2026<\/p>\n\n\n\n<p>Sans pr\u00e9tention.<\/p>\n\n\n\n<p>Et si tu devais commencer par lire un article, je pense que celui ci serait tout indiqu\u00e9 : <a href=\"https:\/\/tipunch.net\/blog\/2021\/09\/04\/les-choses-simples\/\">Les choses simples<\/a><\/p>\n","protected":false},"excerpt":{"rendered":"<p>Motard depuis 30 ans, j\u2019ai accumul\u00e9 les kilom\u00e8tres sur route dans le Sud-Ouest et au-del\u00e0. De la vir\u00e9e dynamique \u00e0 la balade bucolique j\u2019ai test\u00e9 \u00e0 peu pr\u00e8s tous les modes de roulage. A c\u00f4t\u00e9 de cela, j\u2019ai eu aussi un fourgon 4&#215;4 que j\u2019avais am\u00e9nag\u00e9 avec lequel je partais les weekends, les vacances, en [&hellip;]<\/p>\n","protected":false},"author":2,"featured_media":0,"parent":0,"menu_order":0,"comment_status":"closed","ping_status":"closed","template":"","meta":{"pgc_sgb_lightbox_settings":"","footnotes":""},"class_list":["post-186","page","type-page","status-publish","hentry","post-preview"],"_links":{"self":[{"href":"https:\/\/tipunch.net\/blog\/wp-json\/wp\/v2\/pages\/186","targetHints":{"allow":["GET"]}}],"collection":[{"href":"https:\/\/tipunch.net\/blog\/wp-json\/wp\/v2\/pages"}],"about":[{"href":"https:\/\/tipunch.net\/blog\/wp-json\/wp\/v2\/types\/page"}],"author":[{"embeddable":true,"href":"https:\/\/tipunch.net\/blog\/wp-json\/wp\/v2\/users\/2"}],"replies":[{"embeddable":true,"href":"https:\/\/tipunch.net\/blog\/wp-json\/wp\/v2\/comments?post=186"}],"version-history":[{"count":3,"href":"https:\/\/tipunch.net\/blog\/wp-json\/wp\/v2\/pages\/186\/revisions"}],"predecessor-version":[{"id":1574,"href":"https:\/\/tipunch.net\/blog\/wp-json\/wp\/v2\/pages\/186\/revisions\/1574"}],"wp:attachment":[{"href":"https:\/\/tipunch.net\/blog\/wp-json\/wp\/v2\/media?parent=186"}],"curies":[{"name":"wp","href":"https:\/\/api.w.org\/{rel}","templated":true}]}}